{"id":192,"date":"2013-08-08T11:04:08","date_gmt":"2013-08-08T11:04:08","guid":{"rendered":"http:\/\/musica.colegiovirgendeeuropa.com\/escuelamusica\/?page_id=192"},"modified":"2016-10-04T16:53:33","modified_gmt":"2016-10-04T16:53:33","slug":"alq-instrumentos","status":"publish","type":"page","link":"https:\/\/musica.cve.edu.es\/escuelademusica\/alq-instrumentos\/","title":{"rendered":"ALQUILER DE INSTRUMENTOS"},"content":{"rendered":"<p>Queridos padres y madres,<\/p>\n<p>Romanza instrumentos musicales pone a vuestra disposici\u00f3n una amplia gama de instrumentos musicales, accesorios y servicios para el curso que comienza.<\/p>\n<p>Nuestra oferta incluye una modalidad de alquiler de instrumentos musicales para facilitar la iniciaci\u00f3n de vuestros\/as hijos\/as en el fascinante mundo de la m\u00fasica.<\/p>\n<p>Los instrumentos en venta o alquiler que pod\u00e9is adquirir son:<\/p>\n<p>&#8211; VIOL\u00cdN<\/p>\n<p>&#8211; VIOLA<\/p>\n<p>&#8211; VIOLONCELLO<\/p>\n<p>&#8211; GUITARRA CL\u00c1SICA<\/p>\n<p>&#8211; GUITARRA EL\u00c9CTRICA<\/p>\n<p>&#8211; BAJO EL\u00c9CTRICO<\/p>\n<p>&#8211; BATER\u00cdA<\/p>\n<p>&#8211; TROMPETA<\/p>\n<p>&#8211; FLAUTA TRAVESERA<\/p>\n<p>&#8211; PIANO<\/p>\n<p>Todos los instrumentos, <a href=\"http:\/\/musica.colegiovirgendeeuropa.com\/escuelademusica\/wp-content\/uploads\/2016\/09\/HORARIO-CORREGIDO-ESCUELA-MUSICA-CVE-2016-20172.pdf\" target=\"_blank\">precios<\/a>, condiciones y formularios de inscripci\u00f3n para alquileres est\u00e1n a vuestra disposici\u00f3n en las respectivas clases de m\u00fasica.<\/p>\n<p>No dud\u00e9is en contactar con nosotros para m\u00e1s informaci\u00f3n:<\/p>\n<p>F\u00e9lix G\u00f3mez<\/p>\n<p>Romanza instrumentos musicales<\/p>\n<p>telf: 608 51 58 31<\/p>\n<p>E-mail.<a href=\"mailto:escuelademusica@colegiovirgendeeuropa.edu.es\" target=\"_blank\">escuelademusica@colegiovirgendeeuropa.edu.es<\/a><\/p>\n<p style=\"text-align: center;\">\n","protected":false},"excerpt":{"rendered":"<p>Queridos padres y madres, Romanza instrumentos musicales pone a vuestra disposici\u00f3n una amplia gama de instrumentos musicales, accesorios y servicios para el curso que comienza. Nuestra oferta incluye una modalidad&#8230;<\/p>\n","protected":false},"author":2,"featured_media":0,"parent":0,"menu_order":0,"comment_status":"closed","ping_status":"closed","template":"","meta":[],"_links":{"self":[{"href":"https:\/\/musica.cve.edu.es\/escuelademusica\/wp-json\/wp\/v2\/pages\/192"}],"collection":[{"href":"https:\/\/musica.cve.edu.es\/escuelademusica\/wp-json\/wp\/v2\/pages"}],"about":[{"href":"https:\/\/musica.cve.edu.es\/escuelademusica\/wp-json\/wp\/v2\/types\/page"}],"author":[{"embeddable":true,"href":"https:\/\/musica.cve.edu.es\/escuelademusica\/wp-json\/wp\/v2\/users\/2"}],"replies":[{"embeddable":true,"href":"https:\/\/musica.cve.edu.es\/escuelademusica\/wp-json\/wp\/v2\/comments?post=192"}],"version-history":[{"count":14,"href":"https:\/\/musica.cve.edu.es\/escuelademusica\/wp-json\/wp\/v2\/pages\/192\/revisions"}],"predecessor-version":[{"id":1075,"href":"https:\/\/musica.cve.edu.es\/escuelademusica\/wp-json\/wp\/v2\/pages\/192\/revisions\/1075"}],"wp:attachment":[{"href":"https:\/\/musica.cve.edu.es\/escuelademusica\/wp-json\/wp\/v2\/media?parent=192"}],"curies":[{"name":"wp","href":"https:\/\/api.w.org\/{rel}","templated":true}]}}